{"id":351,"date":"2025-11-28T10:18:45","date_gmt":"2025-11-28T09:18:45","guid":{"rendered":"https:\/\/gemmagallbat.dgalleryweb.com\/?page_id=351"},"modified":"2025-11-28T10:40:02","modified_gmt":"2025-11-28T09:40:02","slug":"politica-de-cookies","status":"publish","type":"page","link":"https:\/\/gemmagallbat.dgalleryweb.com\/ca\/politica-de-cookies\/","title":{"rendered":"Pol\u00edtica de galetes"},"content":{"rendered":"<div data-elementor-type=\"wp-page\" data-elementor-id=\"351\" class=\"elementor elementor-351\" data-elementor-post-type=\"page\">\n\t\t\t\t<div class=\"elementor-element elementor-element-df147bf e-flex e-con-boxed e-con e-parent\" data-id=\"df147bf\" data-element_type=\"container\" data-e-type=\"container\">\n\t\t\t\t\t<div class=\"e-con-inner\">\n\t\t\t\t<div class=\"elementor-element elementor-element-4209081 elementor-widget elementor-widget-heading\" data-id=\"4209081\" data-element_type=\"widget\" data-e-type=\"widget\" data-widget_type=\"heading.default\">\n\t\t\t\t\t<h2 class=\"elementor-heading-title elementor-size-default\">Pol\u00edtica de galetes<\/h2>\t\t\t\t<\/div>\n\t\t\t\t<div class=\"elementor-element elementor-element-85afd86 elementor-widget elementor-widget-text-editor\" data-id=\"85afd86\" data-element_type=\"widget\" data-e-type=\"widget\" data-widget_type=\"text-editor.default\">\n\t\t\t\t\t\t\t\t\t<p>Responsable: GEMMA GALLART BATALLA<\/p><p>Finalidad y uso de cookies: Recopilar informaci\u00f3n que ayuda a optimizar la visita del usuario<\/p><p>Base jur\u00eddica del uso de cookies: por consentimiento del usuario, pues, el usuario puede permitir su uso o rechazarlo, o cambiar su configuraci\u00f3n siempre que lo desee<\/p><p>Destinatarios del tratamiento de datos a trav\u00e9s del uso de cookies: seg\u00fan su tipolog\u00eda, se ceder\u00e1n a \u00abgoogle analytics, you tube, doubleclick \u2026\u00bb<\/p><p>Plazo de conservaci\u00f3n de los datos obtenidos a trav\u00e9s del uso de cookies: el m\u00ednimo indispensable de acuerdo a su finalidad<\/p><p>Para m\u00e1s informaci\u00f3n puede acceder a nuestra\u00a0<a role=\"link\" href=\"https:\/\/gemmagallbat.dgalleryweb.com\/ca\/politica-de-privacidad\/\"><strong><u>pol\u00edtica de privacidad<\/u><\/strong><\/a><\/p><p>GEMMA GALLART BATALLA, a trav\u00e9s del presente documento, recoge su Pol\u00edtica de recogida y tratamiento de cookies, en cumplimiento de lo dispuesto en el art\u00edculo 22.2 de la Ley 34\/2002, de 11 de julio, de Servicios de la Sociedad de la Informaci\u00f3n y de Comercio Electr\u00f3nico (LSSICE).<\/p><p>Las cookies se almacenan en el equipo terminal del usuario (ordenador o dispositivo m\u00f3vil) y recopilan informaci\u00f3n al visitar la p\u00e1gina web https:\/\/gemmagallbat.dgalleryweb.com\/, con la finalidad de mejorar la usabilidad de las mismas, conocer los h\u00e1bitos o necesidades de navegaci\u00f3n de los usuarios para poder adaptarse a los mismos, as\u00ed como obtener informaci\u00f3n con fines estad\u00edsticos. En el caso de aquellos usuarios que ya sean clientes de la entidad, la informaci\u00f3n recabada con las cookies servir\u00e1 tambi\u00e9n para su identificaci\u00f3n al acceder a las distintas herramientas que la entidad pone a su disposici\u00f3n para la gesti\u00f3n de los servicios.<\/p><p>La presente Pol\u00edtica de Cookies ser\u00e1 de aplicaci\u00f3n a aquellos usuarios que voluntariamente visitan las p\u00e1ginas web de la entidad, cumplimentan formularios de recogida de datos, acceden a las herramientas que la entidad pone a disposici\u00f3n de sus clientes para gestionar sus servicios, o utilizan cualquier otro servicio presente en el sitio web que implique la comunicaci\u00f3n de datos a la entidad, o el acceso a datos por la entidad, para la prestaci\u00f3n de sus servicios.<\/p><p>GEMMA GALLART BATALLA informa a los usuarios de sus p\u00e1ginas web, de la existencia de cookies y pone a su disposici\u00f3n la presente Pol\u00edtica con la finalidad de informarles acerca del uso y del objeto de las mismas. El hecho de continuar la navegaci\u00f3n a trav\u00e9s de sus p\u00e1ginas supone el conocimiento y la aceptaci\u00f3n de la presente Pol\u00edtica por parte de dichos usuarios.<\/p><h6><strong><u>Acerca de las cookies:<\/u><\/strong><\/h6><p>Las cookies son peque\u00f1os archivos de texto que las p\u00e1ginas web pueden utilizar para hacer m\u00e1s eficiente la experiencia del usuario.<\/p><p>La ley afirma que podemos almacenar cookies en su dispositivo si son estrictamente necesarias para el funcionamiento de esta p\u00e1gina. Para todos los dem\u00e1s tipos de cookies necesitamos su permiso.<\/p><p>Esta p\u00e1gina utiliza tipos diferentes de cookies. Algunas cookies son colocadas por servicios de terceros que aparecen en nuestras p\u00e1ginas.<\/p><p>En cualquier momento puede cambiar o retirar su consentimiento desde la Declaraci\u00f3n de cookies en nuestro sitio web.<\/p><p>Obtenga m\u00e1s informaci\u00f3n sobre qui\u00e9nes somos, c\u00f3mo puede contactarnos y c\u00f3mo procesamos los datos personales en nuestra\u00a0<a role=\"link\" href=\"https:\/\/gemmagallbat.dgalleryweb.com\/ca\/politica-de-privacidad\/\"><strong><u>Pol\u00edtica de privacitat<\/u><\/strong>.<\/a><\/p><h6><strong><u>TIPOS DE COOKIES:<\/u><\/strong><\/h6><p><strong>Clasificadas por su titularidad:<\/strong><\/p><ul><li>Cookies propias: enviadas y gestionadas directamente por la entidad.<\/li><li>Cookies de terceros: enviadas y gestionadas por un tercero ajeno a la entidad, de forma an\u00f3nima, con la finalidad de realizar estudios estad\u00edsticos de navegaci\u00f3n por las p\u00e1ginas web de la entidad.<\/li><\/ul><p><strong>Clasificadas por su finalidad<\/strong>:<\/p><ul><li>Cookies t\u00e9cnicas y\/o de personalizaci\u00f3n: facilitan la navegaci\u00f3n, al identificar la sesi\u00f3n, permitir el acceso a herramientas de acceso restringido, adem\u00e1s de configurar a medida las opciones disponibles. Posibilitan la prestaci\u00f3n del servicio solicitado previamente por el usuario.<\/li><li>Cookies de an\u00e1lisis y\/o publicidad: permiten conocer el n\u00famero de visitas recibidas en las diferentes secciones de las p\u00e1ginas web, los h\u00e1bitos y tendencias de sus usuarios y en consecuencia, poder mejorar la navegaci\u00f3n y el servicio ofrecido por la entidad (fundamentalmente, Google Analytics), as\u00ed como gestionar los espacios publicitarios incluidos en la p\u00e1gina web visitada por el usuario. Recopila datos de forma an\u00f3nima con la finalidad de obtener perfiles de navegaci\u00f3n de los usuarios.<\/li><li>Cookies de redes sociales externas: se utilizan para que los visitantes puedan interactuar con el contenido de diferentes plataformas sociales (facebook, youtube, twitter, linkedIn, etc..) y que se generen \u00fanicamente para los usuarios de dichas redes sociales. Las condiciones de utilizaci\u00f3n de estas cookies y la informaci\u00f3n recopilada se regula por la pol\u00edtica de privacidad de la plataforma social correspondiente.<\/li><\/ul><p><strong>Clasificadas por su duraci\u00f3n:<\/strong><\/p><ul><li>Cookies de sesi\u00f3n: recaban y almacenan los datos mientras el usuario accede a la p\u00e1gina web.<\/li><li>Cookies persistentes: recaban y almacenan los datos en el terminal del usuario durante un periodo de tiempo variable en funci\u00f3n de cu\u00e1l sea la finalidad para la que han sido utilizadas.<\/li><\/ul><h6><strong><u>DESACTIVACI\u00d3N Y ELIMINACI\u00d3N DE COOKIES\u00a0<\/u><\/strong><\/h6><p>Tienes la opci\u00f3n de permitir, bloquear o eliminar las cookies instaladas en tu equipo mediante la configuraci\u00f3n de las opciones del navegador instalado en su equipo. Al desactivar cookies, algunos de los servicios disponibles podr\u00edan dejar de estar operativos. La forma de deshabilitar las cookies es diferente para cada navegador, pero normalmente puede hacerse desde el men\u00fa Herramientas u Opciones. Tambi\u00e9n puede consultarse el men\u00fa de Ayuda del navegador d\u00f3nde puedes encontrar instrucciones.<\/p><p>El usuario podr\u00e1 en cualquier momento elegir qu\u00e9 cookies quiere que funcionen en este sitio web. Puede usted permitir, bloquear o eliminar las cookies instaladas en su equipo mediante la configuraci\u00f3n de las opciones del navegador instalado en su ordenador:<\/p><ul><li>Microsoft Internet Explorer o Microsoft Edge: http:\/\/windows.microsoft.com\/es-es\/windows-vista\/Block-or-allow-cookies<\/li><li>Mozilla Firefox: http:\/\/support.mozilla.org\/es\/kb\/impedir-que-los-sitios-web-guarden-sus-preferencia<\/li><li>Chrome: https:\/\/support.google.com\/accounts\/answer\/61416?hl=es<\/li><li>Safari: http:\/\/safari.helpmax.net\/es\/privacidad-y-seguridad\/como-gestionar-las-cookies\/<\/li><li>Opera: http:\/\/help.opera.com\/Linux\/10.60\/es-ES\/cookies.html<\/li><\/ul><p>Adem\u00e1s, tambi\u00e9n puede gestionar el almac\u00e9n de cookies en su navegador a trav\u00e9s de herramientas como las siguientes<\/p><ul><li>Ghostery: www.ghostery.com\/<\/li><li>Your online choices: www.youronlinechoices.com\/es\/<\/li><\/ul><p>A continuaci\u00f3n se identifican las cookies que est\u00e1n siendo utilizadas en este portal web https:\/\/gemmagallbat.dgalleryweb.com\/, del que es titular GEMMA GALLART BATALLA as\u00ed como su tipolog\u00eda y funci\u00f3n:<\/p><p>Declaraci\u00f3n de cookies actualizada por \u00faltima vez el 28\/11\/2025:<\/p><p>Necesario (2)<\/p><p>Las cookies necesarias ayudan a hacer una p\u00e1gina web utilizable activando funciones b\u00e1sicas como la navegaci\u00f3n en la p\u00e1gina y el acceso a \u00e1reas seguras de la p\u00e1gina web. La p\u00e1gina web no puede funcionar adecuadamente sin estas cookies.<\/p><p>\u00a0<\/p><table class=\"cky-cookie-audit-table\"><thead><tr><th>Cookie<\/th><th>Duraci\u00f3n<\/th><th>Descripci\u00f3n<\/th><\/tr><\/thead><tbody><tr><td>wpEmojiSettingsSupports<\/td><td>sesi\u00f3n<\/td><td>WordPress establece esta cookie cuando un usuario interact\u00faa con emojis en un sitio de WordPress. Ayuda a determinar si el navegador del usuario puede mostrar emojis correctamente.<\/td><\/tr><tr><td>cookieyes-consent<\/td><td>1 a\u00f1o<\/td><td>CookieYes establece esta cookie para recordar las preferencias de consentimiento de los usuarios, de modo que se respeten sus preferencias en futuras visitas a este sitio. No recopila ni almacena ninguna informaci\u00f3n personal sobre los visitantes del sitio.El tiempo de conservaci\u00f3n de las cookies depender\u00e1 del tipo de que se trate y siempre ser\u00e1 el m\u00ednimo indispensable para cumplir su finalidad.<\/td><\/tr><\/tbody><\/table><p>En cualquier caso, los usuarios pueden configurar su navegador, de manera que se deshabilite o bloquee la recepci\u00f3n de todas o algunas de las cookies. El hecho de no desear recibir estas cookies no constituye un impedimento para poder acceder a la informaci\u00f3n de los sitios web de la entidad aunque el uso de algunos servicios podr\u00e1 ser limitado. Si una vez otorgado el consentimiento para la recepci\u00f3n de cookies, se desease retirar \u00e9ste, se deber\u00e1n eliminar aquellas almacenadas en el equipo del usuario, a trav\u00e9s de las opciones de los diferentes navegadores.<\/p>\t\t\t\t\t\t\t\t<\/div>\n\t\t\t\t\t<\/div>\n\t\t\t\t<\/div>\n\t\t\t\t<\/div>","protected":false},"excerpt":{"rendered":"<p>Pol\u00edtica de cookies Responsable: GEMMA GALLART BATALLA Finalidad y uso de cookies: Recopilar informaci\u00f3n que ayuda a optimizar la visita del usuario Base jur\u00eddica del uso de cookies: por consentimiento del usuario, pues, el usuario puede permitir su uso o rechazarlo, o cambiar su configuraci\u00f3n siempre que lo desee Destinatarios del tratamiento de datos a [&hellip;]<\/p>\n","protected":false},"author":1,"featured_media":0,"parent":0,"menu_order":0,"comment_status":"closed","ping_status":"closed","template":"","meta":{"footnotes":""},"class_list":["post-351","page","type-page","status-publish","hentry"],"yoast_head":"<!-- This site is optimized with the Yoast SEO Premium plugin v23.9 (Yoast SEO v27.0) - https:\/\/yoast.com\/product\/yoast-seo-premium-wordpress\/ -->\n<title>Pol\u00edtica de cookies - Gemma Gallart - Psic\u00f2loga a Lleida<\/title>\n<meta name=\"robots\" content=\"index, follow, max-snippet:-1, max-image-preview:large, max-video-preview:-1\" \/>\n<link rel=\"canonical\" href=\"https:\/\/gemmagallbat.dgalleryweb.com\/ca\/politica-de-cookies\/\" \/>\n<meta property=\"og:locale\" content=\"ca_ES\" \/>\n<meta property=\"og:type\" content=\"article\" \/>\n<meta property=\"og:title\" content=\"Pol\u00edtica de cookies\" \/>\n<meta property=\"og:description\" content=\"Pol\u00edtica de cookies Responsable: GEMMA GALLART BATALLA Finalidad y uso de cookies: Recopilar informaci\u00f3n que ayuda a optimizar la visita del usuario Base jur\u00eddica del uso de cookies: por consentimiento del usuario, pues, el usuario puede permitir su uso o rechazarlo, o cambiar su configuraci\u00f3n siempre que lo desee Destinatarios del tratamiento de datos a [&hellip;]\" \/>\n<meta property=\"og:url\" content=\"https:\/\/gemmagallbat.dgalleryweb.com\/ca\/politica-de-cookies\/\" \/>\n<meta property=\"og:site_name\" content=\"Gemma Gallart - Psic\u00f2loga a Lleida\" \/>\n<meta property=\"article:modified_time\" content=\"2025-11-28T09:40:02+00:00\" \/>\n<meta name=\"twitter:card\" content=\"summary_large_image\" \/>\n<meta name=\"twitter:label1\" content=\"Temps estimat de lectura\" \/>\n\t<meta name=\"twitter:data1\" content=\"7 minuts\" \/>\n<script type=\"application\/ld+json\" class=\"yoast-schema-graph\">{\"@context\":\"https:\/\/schema.org\",\"@graph\":[{\"@type\":\"WebPage\",\"@id\":\"https:\/\/gemmagallbat.dgalleryweb.com\/politica-de-cookies\/\",\"url\":\"https:\/\/gemmagallbat.dgalleryweb.com\/politica-de-cookies\/\",\"name\":\"Pol\u00edtica de cookies - Gemma Gallart - Psic\u00f2loga a Lleida\",\"isPartOf\":{\"@id\":\"https:\/\/gemmagallbat.dgalleryweb.com\/#website\"},\"datePublished\":\"2025-11-28T09:18:45+00:00\",\"dateModified\":\"2025-11-28T09:40:02+00:00\",\"breadcrumb\":{\"@id\":\"https:\/\/gemmagallbat.dgalleryweb.com\/politica-de-cookies\/#breadcrumb\"},\"inLanguage\":\"ca\",\"potentialAction\":[{\"@type\":\"ReadAction\",\"target\":[\"https:\/\/gemmagallbat.dgalleryweb.com\/politica-de-cookies\/\"]}]},{\"@type\":\"BreadcrumbList\",\"@id\":\"https:\/\/gemmagallbat.dgalleryweb.com\/politica-de-cookies\/#breadcrumb\",\"itemListElement\":[{\"@type\":\"ListItem\",\"position\":1,\"name\":\"Inici\",\"item\":\"https:\/\/gemmagallbat.dgalleryweb.com\/\"},{\"@type\":\"ListItem\",\"position\":2,\"name\":\"Pol\u00edtica de cookies\"}]},{\"@type\":\"WebSite\",\"@id\":\"https:\/\/gemmagallbat.dgalleryweb.com\/#website\",\"url\":\"https:\/\/gemmagallbat.dgalleryweb.com\/\",\"name\":\"Gemma Gallart - Psic\u00f2loga a Lleida\",\"description\":\"\",\"publisher\":{\"@id\":\"https:\/\/gemmagallbat.dgalleryweb.com\/#organization\"},\"potentialAction\":[{\"@type\":\"SearchAction\",\"target\":{\"@type\":\"EntryPoint\",\"urlTemplate\":\"https:\/\/gemmagallbat.dgalleryweb.com\/?s={search_term_string}\"},\"query-input\":{\"@type\":\"PropertyValueSpecification\",\"valueRequired\":true,\"valueName\":\"search_term_string\"}}],\"inLanguage\":\"ca\"},{\"@type\":\"Organization\",\"@id\":\"https:\/\/gemmagallbat.dgalleryweb.com\/#organization\",\"name\":\"Gemma Gallart - Psic\u00f2loga a Lleida\",\"url\":\"https:\/\/gemmagallbat.dgalleryweb.com\/\",\"logo\":{\"@type\":\"ImageObject\",\"inLanguage\":\"ca\",\"@id\":\"https:\/\/gemmagallbat.dgalleryweb.com\/#\/schema\/logo\/image\/\",\"url\":\"https:\/\/gemmagallbat.dgalleryweb.com\/wp-content\/uploads\/2025\/11\/Logo-min.png\",\"contentUrl\":\"https:\/\/gemmagallbat.dgalleryweb.com\/wp-content\/uploads\/2025\/11\/Logo-min.png\",\"width\":147,\"height\":43,\"caption\":\"Gemma Gallart - Psic\u00f2loga a Lleida\"},\"image\":{\"@id\":\"https:\/\/gemmagallbat.dgalleryweb.com\/#\/schema\/logo\/image\/\"}}]}<\/script>\n<!-- \/ Yoast SEO Premium plugin. -->","yoast_head_json":{"title":"Pol\u00edtica de cookies - Gemma Gallart - Psic\u00f2loga a Lleida","robots":{"index":"index","follow":"follow","max-snippet":"max-snippet:-1","max-image-preview":"max-image-preview:large","max-video-preview":"max-video-preview:-1"},"canonical":"https:\/\/gemmagallbat.dgalleryweb.com\/ca\/politica-de-cookies\/","og_locale":"ca_ES","og_type":"article","og_title":"Pol\u00edtica de cookies","og_description":"Pol\u00edtica de cookies Responsable: GEMMA GALLART BATALLA Finalidad y uso de cookies: Recopilar informaci\u00f3n que ayuda a optimizar la visita del usuario Base jur\u00eddica del uso de cookies: por consentimiento del usuario, pues, el usuario puede permitir su uso o rechazarlo, o cambiar su configuraci\u00f3n siempre que lo desee Destinatarios del tratamiento de datos a [&hellip;]","og_url":"https:\/\/gemmagallbat.dgalleryweb.com\/ca\/politica-de-cookies\/","og_site_name":"Gemma Gallart - Psic\u00f2loga a Lleida","article_modified_time":"2025-11-28T09:40:02+00:00","twitter_card":"summary_large_image","twitter_misc":{"Temps estimat de lectura":"7 minuts"},"schema":{"@context":"https:\/\/schema.org","@graph":[{"@type":"WebPage","@id":"https:\/\/gemmagallbat.dgalleryweb.com\/politica-de-cookies\/","url":"https:\/\/gemmagallbat.dgalleryweb.com\/politica-de-cookies\/","name":"Pol\u00edtica de cookies - Gemma Gallart - Psic\u00f2loga a Lleida","isPartOf":{"@id":"https:\/\/gemmagallbat.dgalleryweb.com\/#website"},"datePublished":"2025-11-28T09:18:45+00:00","dateModified":"2025-11-28T09:40:02+00:00","breadcrumb":{"@id":"https:\/\/gemmagallbat.dgalleryweb.com\/politica-de-cookies\/#breadcrumb"},"inLanguage":"ca","potentialAction":[{"@type":"ReadAction","target":["https:\/\/gemmagallbat.dgalleryweb.com\/politica-de-cookies\/"]}]},{"@type":"BreadcrumbList","@id":"https:\/\/gemmagallbat.dgalleryweb.com\/politica-de-cookies\/#breadcrumb","itemListElement":[{"@type":"ListItem","position":1,"name":"Inici","item":"https:\/\/gemmagallbat.dgalleryweb.com\/"},{"@type":"ListItem","position":2,"name":"Pol\u00edtica de cookies"}]},{"@type":"WebSite","@id":"https:\/\/gemmagallbat.dgalleryweb.com\/#website","url":"https:\/\/gemmagallbat.dgalleryweb.com\/","name":"Gemma Gallart - Psic\u00f2loga a Lleida","description":"","publisher":{"@id":"https:\/\/gemmagallbat.dgalleryweb.com\/#organization"},"potentialAction":[{"@type":"SearchAction","target":{"@type":"EntryPoint","urlTemplate":"https:\/\/gemmagallbat.dgalleryweb.com\/?s={search_term_string}"},"query-input":{"@type":"PropertyValueSpecification","valueRequired":true,"valueName":"search_term_string"}}],"inLanguage":"ca"},{"@type":"Organization","@id":"https:\/\/gemmagallbat.dgalleryweb.com\/#organization","name":"Gemma Gallart - Psic\u00f2loga a Lleida","url":"https:\/\/gemmagallbat.dgalleryweb.com\/","logo":{"@type":"ImageObject","inLanguage":"ca","@id":"https:\/\/gemmagallbat.dgalleryweb.com\/#\/schema\/logo\/image\/","url":"https:\/\/gemmagallbat.dgalleryweb.com\/wp-content\/uploads\/2025\/11\/Logo-min.png","contentUrl":"https:\/\/gemmagallbat.dgalleryweb.com\/wp-content\/uploads\/2025\/11\/Logo-min.png","width":147,"height":43,"caption":"Gemma Gallart - Psic\u00f2loga a Lleida"},"image":{"@id":"https:\/\/gemmagallbat.dgalleryweb.com\/#\/schema\/logo\/image\/"}}]}},"_links":{"self":[{"href":"https:\/\/gemmagallbat.dgalleryweb.com\/ca\/wp-json\/wp\/v2\/pages\/351","targetHints":{"allow":["GET"]}}],"collection":[{"href":"https:\/\/gemmagallbat.dgalleryweb.com\/ca\/wp-json\/wp\/v2\/pages"}],"about":[{"href":"https:\/\/gemmagallbat.dgalleryweb.com\/ca\/wp-json\/wp\/v2\/types\/page"}],"author":[{"embeddable":true,"href":"https:\/\/gemmagallbat.dgalleryweb.com\/ca\/wp-json\/wp\/v2\/users\/1"}],"replies":[{"embeddable":true,"href":"https:\/\/gemmagallbat.dgalleryweb.com\/ca\/wp-json\/wp\/v2\/comments?post=351"}],"version-history":[{"count":16,"href":"https:\/\/gemmagallbat.dgalleryweb.com\/ca\/wp-json\/wp\/v2\/pages\/351\/revisions"}],"predecessor-version":[{"id":368,"href":"https:\/\/gemmagallbat.dgalleryweb.com\/ca\/wp-json\/wp\/v2\/pages\/351\/revisions\/368"}],"wp:attachment":[{"href":"https:\/\/gemmagallbat.dgalleryweb.com\/ca\/wp-json\/wp\/v2\/media?parent=351"}],"curies":[{"name":"wp","href":"https:\/\/api.w.org\/{rel}","templated":true}]}}