{"id":343,"date":"2025-11-28T10:15:41","date_gmt":"2025-11-28T09:15:41","guid":{"rendered":"https:\/\/gemmagallbat.dgalleryweb.com\/?page_id=343"},"modified":"2026-03-02T18:02:34","modified_gmt":"2026-03-02T17:02:34","slug":"politica-de-accesibilidad","status":"publish","type":"page","link":"https:\/\/gemmagallbat.dgalleryweb.com\/ca\/politica-de-accesibilidad\/","title":{"rendered":"Pol\u00edtica d'accessibilitat"},"content":{"rendered":"<div data-elementor-type=\"wp-page\" data-elementor-id=\"343\" class=\"elementor elementor-343\" data-elementor-post-type=\"page\">\n\t\t\t\t<div class=\"elementor-element elementor-element-888bfab e-flex e-con-boxed e-con e-parent\" data-id=\"888bfab\" data-element_type=\"container\" data-e-type=\"container\">\n\t\t\t\t\t<div class=\"e-con-inner\">\n\t\t\t\t<div class=\"elementor-element elementor-element-b476290 elementor-widget elementor-widget-heading\" data-id=\"b476290\" data-element_type=\"widget\" data-e-type=\"widget\" data-widget_type=\"heading.default\">\n\t\t\t\t\t<h2 class=\"elementor-heading-title elementor-size-default\">Pol\u00edtica d'accessibilitat<\/h2>\t\t\t\t<\/div>\n\t\t\t\t<div class=\"elementor-element elementor-element-8962cd4 elementor-widget elementor-widget-text-editor\" data-id=\"8962cd4\" data-element_type=\"widget\" data-e-type=\"widget\" data-widget_type=\"text-editor.default\">\n\t\t\t\t\t\t\t\t\t<h6>Declaraci\u00f3n de accesibilidad para <a href=\"https:\/\/gemmagallbat.dgalleryweb.com\/ca\/\">https:\/\/gemmagallbat.dgalleryweb.com\/<\/a><\/h6><p>GEMMA GALLART BATALLA se compromete a garantizar la accesibilidad digital para personas con discapacidades. Estamos mejorando continuamente la experiencia del usuario para todos y aplicando los est\u00e1ndares de accesibilidad relevantes.<\/p><h6>Estado de conformidad<\/h6><p>Las Directrices de Accesibilidad al Contenido Web (WCAG) definen requisitos para dise\u00f1adores y desarrolladores para mejorar la accesibilidad para personas con discapacidades. Define tres niveles de conformidad: Nivel A, Nivel AA y Nivel AAA.<\/p><p>GEMMA GALLART BATALLA est\u00e1 haciendo esfuerzos constantes para mejorar la accesibilidad de su sitio y servicios en la creencia de que es nuestra obligaci\u00f3n moral colectiva permitir un uso fluido, accesible y sin obst\u00e1culos para aquellos de nosotros con discapacidades.<\/p><p>Nuestro objetivo es hacer que todas las p\u00e1ginas y contenido en <a href=\"https:\/\/gemmagallbat.dgalleryweb.com\/ca\/\">https:\/\/gemmagallbat.dgalleryweb.com\/<\/a> sean accesibles, pero es posible que algunos contenidos a\u00fan no cumplan completamente con los m\u00e1s altos est\u00e1ndares de accesibilidad. Esto podr\u00eda deberse a dificultades para identificar la soluci\u00f3n tecnol\u00f3gica m\u00e1s adecuada. Podemos revisar esta Declaraci\u00f3n peri\u00f3dicamente para reflejar mejoras o cambios en nuestras pr\u00e1cticas de accesibilidad. Sugerencias Agradecemos sus comentarios sobre la accesibilidad del sitio web de GEMMA GALLART BATALLA.<\/p><p>Por favor, h\u00e1ganos saber si encuentra barreras de accesibilidad en nuestro sitio web: ggallart@copc.cat<\/p><p>Intentamos responder a los comentarios dentro de 3 a 5 d\u00edas h\u00e1biles.<\/p>\t\t\t\t\t\t\t\t<\/div>\n\t\t\t\t\t<\/div>\n\t\t\t\t<\/div>\n\t\t\t\t<\/div>","protected":false},"excerpt":{"rendered":"<p>Pol\u00edtica de accesibilidad Declaraci\u00f3n de accesibilidad para https:\/\/gemmagallbat.dgalleryweb.com\/ GEMMA GALLART BATALLA se compromete a garantizar la accesibilidad digital para personas con discapacidades. Estamos mejorando continuamente la experiencia del usuario para todos y aplicando los est\u00e1ndares de accesibilidad relevantes. Estado de conformidad Las Directrices de Accesibilidad al Contenido Web (WCAG) definen requisitos para dise\u00f1adores y desarrolladores [&hellip;]<\/p>\n","protected":false},"author":1,"featured_media":0,"parent":0,"menu_order":0,"comment_status":"closed","ping_status":"closed","template":"","meta":{"footnotes":""},"class_list":["post-343","page","type-page","status-publish","hentry"],"yoast_head":"<!-- This site is optimized with the Yoast SEO Premium plugin v23.9 (Yoast SEO v27.0) - https:\/\/yoast.com\/product\/yoast-seo-premium-wordpress\/ -->\n<title>Pol\u00edtica de accesibilidad - Gemma Gallart - Psic\u00f2loga a Lleida<\/title>\n<meta name=\"robots\" content=\"index, follow, max-snippet:-1, max-image-preview:large, max-video-preview:-1\" \/>\n<link rel=\"canonical\" href=\"https:\/\/gemmagallbat.dgalleryweb.com\/ca\/politica-de-accesibilidad\/\" \/>\n<meta property=\"og:locale\" content=\"ca_ES\" \/>\n<meta property=\"og:type\" content=\"article\" \/>\n<meta property=\"og:title\" content=\"Pol\u00edtica de accesibilidad\" \/>\n<meta property=\"og:description\" content=\"Pol\u00edtica de accesibilidad Declaraci\u00f3n de accesibilidad para https:\/\/gemmagallbat.dgalleryweb.com\/ GEMMA GALLART BATALLA se compromete a garantizar la accesibilidad digital para personas con discapacidades. Estamos mejorando continuamente la experiencia del usuario para todos y aplicando los est\u00e1ndares de accesibilidad relevantes. Estado de conformidad Las Directrices de Accesibilidad al Contenido Web (WCAG) definen requisitos para dise\u00f1adores y desarrolladores [&hellip;]\" \/>\n<meta property=\"og:url\" content=\"https:\/\/gemmagallbat.dgalleryweb.com\/ca\/politica-de-accesibilidad\/\" \/>\n<meta property=\"og:site_name\" content=\"Gemma Gallart - Psic\u00f2loga a Lleida\" \/>\n<meta property=\"article:modified_time\" content=\"2026-03-02T17:02:34+00:00\" \/>\n<meta name=\"twitter:card\" content=\"summary_large_image\" \/>\n<meta name=\"twitter:label1\" content=\"Temps estimat de lectura\" \/>\n\t<meta name=\"twitter:data1\" content=\"2 minuts\" \/>\n<script type=\"application\/ld+json\" class=\"yoast-schema-graph\">{\"@context\":\"https:\/\/schema.org\",\"@graph\":[{\"@type\":\"WebPage\",\"@id\":\"https:\/\/gemmagallbat.dgalleryweb.com\/politica-de-accesibilidad\/\",\"url\":\"https:\/\/gemmagallbat.dgalleryweb.com\/politica-de-accesibilidad\/\",\"name\":\"Pol\u00edtica de accesibilidad - Gemma Gallart - Psic\u00f2loga a Lleida\",\"isPartOf\":{\"@id\":\"https:\/\/gemmagallbat.dgalleryweb.com\/#website\"},\"datePublished\":\"2025-11-28T09:15:41+00:00\",\"dateModified\":\"2026-03-02T17:02:34+00:00\",\"breadcrumb\":{\"@id\":\"https:\/\/gemmagallbat.dgalleryweb.com\/politica-de-accesibilidad\/#breadcrumb\"},\"inLanguage\":\"ca\",\"potentialAction\":[{\"@type\":\"ReadAction\",\"target\":[\"https:\/\/gemmagallbat.dgalleryweb.com\/politica-de-accesibilidad\/\"]}]},{\"@type\":\"BreadcrumbList\",\"@id\":\"https:\/\/gemmagallbat.dgalleryweb.com\/politica-de-accesibilidad\/#breadcrumb\",\"itemListElement\":[{\"@type\":\"ListItem\",\"position\":1,\"name\":\"Inici\",\"item\":\"https:\/\/gemmagallbat.dgalleryweb.com\/\"},{\"@type\":\"ListItem\",\"position\":2,\"name\":\"Pol\u00edtica de accesibilidad\"}]},{\"@type\":\"WebSite\",\"@id\":\"https:\/\/gemmagallbat.dgalleryweb.com\/#website\",\"url\":\"https:\/\/gemmagallbat.dgalleryweb.com\/\",\"name\":\"Gemma Gallart - Psic\u00f2loga a Lleida\",\"description\":\"\",\"publisher\":{\"@id\":\"https:\/\/gemmagallbat.dgalleryweb.com\/#organization\"},\"potentialAction\":[{\"@type\":\"SearchAction\",\"target\":{\"@type\":\"EntryPoint\",\"urlTemplate\":\"https:\/\/gemmagallbat.dgalleryweb.com\/?s={search_term_string}\"},\"query-input\":{\"@type\":\"PropertyValueSpecification\",\"valueRequired\":true,\"valueName\":\"search_term_string\"}}],\"inLanguage\":\"ca\"},{\"@type\":\"Organization\",\"@id\":\"https:\/\/gemmagallbat.dgalleryweb.com\/#organization\",\"name\":\"Gemma Gallart - Psic\u00f2loga a Lleida\",\"url\":\"https:\/\/gemmagallbat.dgalleryweb.com\/\",\"logo\":{\"@type\":\"ImageObject\",\"inLanguage\":\"ca\",\"@id\":\"https:\/\/gemmagallbat.dgalleryweb.com\/#\/schema\/logo\/image\/\",\"url\":\"https:\/\/gemmagallbat.dgalleryweb.com\/wp-content\/uploads\/2025\/11\/Logo-min.png\",\"contentUrl\":\"https:\/\/gemmagallbat.dgalleryweb.com\/wp-content\/uploads\/2025\/11\/Logo-min.png\",\"width\":147,\"height\":43,\"caption\":\"Gemma Gallart - Psic\u00f2loga a Lleida\"},\"image\":{\"@id\":\"https:\/\/gemmagallbat.dgalleryweb.com\/#\/schema\/logo\/image\/\"}}]}<\/script>\n<!-- \/ Yoast SEO Premium plugin. -->","yoast_head_json":{"title":"Pol\u00edtica de accesibilidad - Gemma Gallart - Psic\u00f2loga a Lleida","robots":{"index":"index","follow":"follow","max-snippet":"max-snippet:-1","max-image-preview":"max-image-preview:large","max-video-preview":"max-video-preview:-1"},"canonical":"https:\/\/gemmagallbat.dgalleryweb.com\/ca\/politica-de-accesibilidad\/","og_locale":"ca_ES","og_type":"article","og_title":"Pol\u00edtica de accesibilidad","og_description":"Pol\u00edtica de accesibilidad Declaraci\u00f3n de accesibilidad para https:\/\/gemmagallbat.dgalleryweb.com\/ GEMMA GALLART BATALLA se compromete a garantizar la accesibilidad digital para personas con discapacidades. Estamos mejorando continuamente la experiencia del usuario para todos y aplicando los est\u00e1ndares de accesibilidad relevantes. Estado de conformidad Las Directrices de Accesibilidad al Contenido Web (WCAG) definen requisitos para dise\u00f1adores y desarrolladores [&hellip;]","og_url":"https:\/\/gemmagallbat.dgalleryweb.com\/ca\/politica-de-accesibilidad\/","og_site_name":"Gemma Gallart - Psic\u00f2loga a Lleida","article_modified_time":"2026-03-02T17:02:34+00:00","twitter_card":"summary_large_image","twitter_misc":{"Temps estimat de lectura":"2 minuts"},"schema":{"@context":"https:\/\/schema.org","@graph":[{"@type":"WebPage","@id":"https:\/\/gemmagallbat.dgalleryweb.com\/politica-de-accesibilidad\/","url":"https:\/\/gemmagallbat.dgalleryweb.com\/politica-de-accesibilidad\/","name":"Pol\u00edtica de accesibilidad - Gemma Gallart - Psic\u00f2loga a Lleida","isPartOf":{"@id":"https:\/\/gemmagallbat.dgalleryweb.com\/#website"},"datePublished":"2025-11-28T09:15:41+00:00","dateModified":"2026-03-02T17:02:34+00:00","breadcrumb":{"@id":"https:\/\/gemmagallbat.dgalleryweb.com\/politica-de-accesibilidad\/#breadcrumb"},"inLanguage":"ca","potentialAction":[{"@type":"ReadAction","target":["https:\/\/gemmagallbat.dgalleryweb.com\/politica-de-accesibilidad\/"]}]},{"@type":"BreadcrumbList","@id":"https:\/\/gemmagallbat.dgalleryweb.com\/politica-de-accesibilidad\/#breadcrumb","itemListElement":[{"@type":"ListItem","position":1,"name":"Inici","item":"https:\/\/gemmagallbat.dgalleryweb.com\/"},{"@type":"ListItem","position":2,"name":"Pol\u00edtica de accesibilidad"}]},{"@type":"WebSite","@id":"https:\/\/gemmagallbat.dgalleryweb.com\/#website","url":"https:\/\/gemmagallbat.dgalleryweb.com\/","name":"Gemma Gallart - Psic\u00f2loga a Lleida","description":"","publisher":{"@id":"https:\/\/gemmagallbat.dgalleryweb.com\/#organization"},"potentialAction":[{"@type":"SearchAction","target":{"@type":"EntryPoint","urlTemplate":"https:\/\/gemmagallbat.dgalleryweb.com\/?s={search_term_string}"},"query-input":{"@type":"PropertyValueSpecification","valueRequired":true,"valueName":"search_term_string"}}],"inLanguage":"ca"},{"@type":"Organization","@id":"https:\/\/gemmagallbat.dgalleryweb.com\/#organization","name":"Gemma Gallart - Psic\u00f2loga a Lleida","url":"https:\/\/gemmagallbat.dgalleryweb.com\/","logo":{"@type":"ImageObject","inLanguage":"ca","@id":"https:\/\/gemmagallbat.dgalleryweb.com\/#\/schema\/logo\/image\/","url":"https:\/\/gemmagallbat.dgalleryweb.com\/wp-content\/uploads\/2025\/11\/Logo-min.png","contentUrl":"https:\/\/gemmagallbat.dgalleryweb.com\/wp-content\/uploads\/2025\/11\/Logo-min.png","width":147,"height":43,"caption":"Gemma Gallart - Psic\u00f2loga a Lleida"},"image":{"@id":"https:\/\/gemmagallbat.dgalleryweb.com\/#\/schema\/logo\/image\/"}}]}},"_links":{"self":[{"href":"https:\/\/gemmagallbat.dgalleryweb.com\/ca\/wp-json\/wp\/v2\/pages\/343","targetHints":{"allow":["GET"]}}],"collection":[{"href":"https:\/\/gemmagallbat.dgalleryweb.com\/ca\/wp-json\/wp\/v2\/pages"}],"about":[{"href":"https:\/\/gemmagallbat.dgalleryweb.com\/ca\/wp-json\/wp\/v2\/types\/page"}],"author":[{"embeddable":true,"href":"https:\/\/gemmagallbat.dgalleryweb.com\/ca\/wp-json\/wp\/v2\/users\/1"}],"replies":[{"embeddable":true,"href":"https:\/\/gemmagallbat.dgalleryweb.com\/ca\/wp-json\/wp\/v2\/comments?post=343"}],"version-history":[{"count":13,"href":"https:\/\/gemmagallbat.dgalleryweb.com\/ca\/wp-json\/wp\/v2\/pages\/343\/revisions"}],"predecessor-version":[{"id":733,"href":"https:\/\/gemmagallbat.dgalleryweb.com\/ca\/wp-json\/wp\/v2\/pages\/343\/revisions\/733"}],"wp:attachment":[{"href":"https:\/\/gemmagallbat.dgalleryweb.com\/ca\/wp-json\/wp\/v2\/media?parent=343"}],"curies":[{"name":"wp","href":"https:\/\/api.w.org\/{rel}","templated":true}]}}