{"id":330,"date":"2025-11-28T09:56:34","date_gmt":"2025-11-28T08:56:34","guid":{"rendered":"https:\/\/gemmagallbat.dgalleryweb.com\/?page_id=330"},"modified":"2025-11-28T10:02:41","modified_gmt":"2025-11-28T09:02:41","slug":"aviso-legal","status":"publish","type":"page","link":"https:\/\/gemmagallbat.dgalleryweb.com\/ca\/aviso-legal\/","title":{"rendered":"Aviso legal"},"content":{"rendered":"<div data-elementor-type=\"wp-page\" data-elementor-id=\"330\" class=\"elementor elementor-330\" data-elementor-post-type=\"page\">\n\t\t\t\t<div class=\"elementor-element elementor-element-dce41c1 e-flex e-con-boxed e-con e-parent\" data-id=\"dce41c1\" data-element_type=\"container\" data-e-type=\"container\">\n\t\t\t\t\t<div class=\"e-con-inner\">\n\t\t\t\t<div class=\"elementor-element elementor-element-eb658cc elementor-widget elementor-widget-heading\" data-id=\"eb658cc\" data-element_type=\"widget\" data-e-type=\"widget\" data-widget_type=\"heading.default\">\n\t\t\t\t\t<h2 class=\"elementor-heading-title elementor-size-default\">Aviso legal<\/h2>\t\t\t\t<\/div>\n\t\t\t\t<div class=\"elementor-element elementor-element-8180d2a elementor-widget elementor-widget-text-editor\" data-id=\"8180d2a\" data-element_type=\"widget\" data-e-type=\"widget\" data-widget_type=\"text-editor.default\">\n\t\t\t\t\t\t\t\t\t<div class=\"elementor elementor-181\" role=\"main\" data-elementor-type=\"wp-page\" data-elementor-id=\"181\" data-elementor-post-type=\"page\"><div class=\"elementor-element elementor-element-a9ea93d e-flex e-con-boxed e-con e-parent e-lazyloaded\" data-id=\"a9ea93d\" data-element_type=\"container\"><div class=\"e-con-inner\"><div class=\"elementor-element elementor-element-c00e251 elementor-widget elementor-widget-text-editor\" data-id=\"c00e251\" data-element_type=\"widget\" data-widget_type=\"text-editor.default\"><p>En cumplimiento del art\u00edculo 10 de la Ley 34\/2002, de 11 de julio, de Servicios de la Sociedad de la Informaci\u00f3n y Comercio Electr\u00f3nico (LSSICE) a continuaci\u00f3n se detallan los datos identificativos de la entidad:<\/p><p>Raz\u00f3n social: GEMMA GALLART BATALLA<br \/>NIF:\u00a0<br \/>Direcci\u00f3n: Rambla Ferran, 53 &#8211; 3r 1a &#8211; 25007 Lleida<br \/>Tel\u00e9fono: 645 787 305<br \/>Email: gemmagallbat@yahoo.es<\/p><h6><strong>FINALIDAD DE LA P\u00c1GINA WEB<\/strong><\/h6><p>Informar debidamente de los productos y\/o servicios prestados por la entidad, as\u00ed como, todos aquellos eventos celebrados con relaci\u00f3n a sus servicios.<\/p><p>El presente aviso legal (en adelante, el \u00abAviso Legal\u00bb) regula el uso del sitio web: www.carnsfaixat.car<\/p><h6><strong>LEGISLACI\u00d3N<\/strong><\/h6><p>Con car\u00e1cter general las relaciones entre GEMMA GALLART BATALLA y los Usuarios de sus servicios telem\u00e1ticos, presentes en este sitio web, se encuentran sometidas a la legislaci\u00f3n y jurisdicci\u00f3n espa\u00f1olas.<\/p><h6><strong>USO Y ACCESO DE USUARIOS<\/strong><\/h6><p>El Usuario queda informado, y acepta, que el acceso a la presente web no supone, en modo alguno, el inicio de una relaci\u00f3n comercial con GEMMA GALLART BATALLA o cualquiera de sus delegaciones.<\/p><h6><strong>PROPIEDAD INTELECTUAL E INDUSTRIAL<\/strong><\/h6><p>Los derechos de propiedad intelectual del contenido de las p\u00e1ginas web, su dise\u00f1o gr\u00e1fico y c\u00f3digos son titularidad de GEMMA GALLART BATALLA y, por tanto, queda prohibida su reproducci\u00f3n, distribuci\u00f3n, comunicaci\u00f3n p\u00fablica, transformaci\u00f3n o cualquier otra actividad que se pueda realizar con los contenidos de sus p\u00e1ginas web ni aun citando las fuentes, salvo consentimiento por escrito de GEMMA GALLART BATALLA<\/p><h6><strong>CONTENIDO DE LA WEB Y ENLACES (LINKS)<\/strong><\/h6><p>GEMMA GALLART BATALLA se reserva el derecho a actualizar, modificar o eliminar la informaci\u00f3n contenida en sus p\u00e1ginas web pudiendo incluso limitar o no permitir el acceso a dicha informaci\u00f3n a ciertos usuarios.<\/p><p>GEMMA GALLART BATALLA no asume responsabilidad alguna por la informaci\u00f3n contenida en p\u00e1ginas web de terceros a las que se pueda acceder por \u00ablinks\u00bb o enlaces desde cualquier p\u00e1gina web propiedad de GEMMA GALLART BATALLA. La presencia de \u00ablinks\u00bb o enlaces en las p\u00e1ginas web de GEMMA GALLART BATALLA tiene finalidad meramente informativa y en ning\u00fan caso supone sugerencia, invitaci\u00f3n o recomendaci\u00f3n sobre los mismos.<\/p><\/div><\/div><\/div><\/div>\t\t\t\t\t\t\t\t<\/div>\n\t\t\t\t\t<\/div>\n\t\t\t\t<\/div>\n\t\t\t\t<\/div>","protected":false},"excerpt":{"rendered":"<p>Aviso legal En cumplimiento del art\u00edculo 10 de la Ley 34\/2002, de 11 de julio, de Servicios de la Sociedad de la Informaci\u00f3n y Comercio Electr\u00f3nico (LSSICE) a continuaci\u00f3n se detallan los datos identificativos de la entidad: Raz\u00f3n social: GEMMA GALLART BATALLANIF:\u00a0Direcci\u00f3n: Rambla Ferran, 53 &#8211; 3r 1a &#8211; 25007 LleidaTel\u00e9fono: 645 787 305Email: gemmagallbat@yahoo.es [&hellip;]<\/p>\n","protected":false},"author":1,"featured_media":0,"parent":0,"menu_order":0,"comment_status":"closed","ping_status":"closed","template":"","meta":{"footnotes":""},"class_list":["post-330","page","type-page","status-publish","hentry"],"yoast_head":"<!-- This site is optimized with the Yoast SEO Premium plugin v23.9 (Yoast SEO v27.0) - https:\/\/yoast.com\/product\/yoast-seo-premium-wordpress\/ -->\n<title>Aviso legal - Gemma Gallart - Psic\u00f2loga a Lleida<\/title>\n<meta name=\"robots\" content=\"index, follow, max-snippet:-1, max-image-preview:large, max-video-preview:-1\" \/>\n<link rel=\"canonical\" href=\"https:\/\/gemmagallbat.dgalleryweb.com\/ca\/aviso-legal\/\" \/>\n<meta property=\"og:locale\" content=\"ca_ES\" \/>\n<meta property=\"og:type\" content=\"article\" \/>\n<meta property=\"og:title\" content=\"Aviso legal\" \/>\n<meta property=\"og:description\" content=\"Aviso legal En cumplimiento del art\u00edculo 10 de la Ley 34\/2002, de 11 de julio, de Servicios de la Sociedad de la Informaci\u00f3n y Comercio Electr\u00f3nico (LSSICE) a continuaci\u00f3n se detallan los datos identificativos de la entidad: Raz\u00f3n social: GEMMA GALLART BATALLANIF:\u00a0Direcci\u00f3n: Rambla Ferran, 53 &#8211; 3r 1a &#8211; 25007 LleidaTel\u00e9fono: 645 787 305Email: gemmagallbat@yahoo.es [&hellip;]\" \/>\n<meta property=\"og:url\" content=\"https:\/\/gemmagallbat.dgalleryweb.com\/ca\/aviso-legal\/\" \/>\n<meta property=\"og:site_name\" content=\"Gemma Gallart - Psic\u00f2loga a Lleida\" \/>\n<meta property=\"article:modified_time\" content=\"2025-11-28T09:02:41+00:00\" \/>\n<meta name=\"twitter:card\" content=\"summary_large_image\" \/>\n<meta name=\"twitter:label1\" content=\"Temps estimat de lectura\" \/>\n\t<meta name=\"twitter:data1\" content=\"4 minuts\" \/>\n<script type=\"application\/ld+json\" class=\"yoast-schema-graph\">{\"@context\":\"https:\/\/schema.org\",\"@graph\":[{\"@type\":\"WebPage\",\"@id\":\"https:\/\/gemmagallbat.dgalleryweb.com\/aviso-legal\/\",\"url\":\"https:\/\/gemmagallbat.dgalleryweb.com\/aviso-legal\/\",\"name\":\"Aviso legal - Gemma Gallart - Psic\u00f2loga a Lleida\",\"isPartOf\":{\"@id\":\"https:\/\/gemmagallbat.dgalleryweb.com\/#website\"},\"datePublished\":\"2025-11-28T08:56:34+00:00\",\"dateModified\":\"2025-11-28T09:02:41+00:00\",\"breadcrumb\":{\"@id\":\"https:\/\/gemmagallbat.dgalleryweb.com\/aviso-legal\/#breadcrumb\"},\"inLanguage\":\"ca\",\"potentialAction\":[{\"@type\":\"ReadAction\",\"target\":[\"https:\/\/gemmagallbat.dgalleryweb.com\/aviso-legal\/\"]}]},{\"@type\":\"BreadcrumbList\",\"@id\":\"https:\/\/gemmagallbat.dgalleryweb.com\/aviso-legal\/#breadcrumb\",\"itemListElement\":[{\"@type\":\"ListItem\",\"position\":1,\"name\":\"Inici\",\"item\":\"https:\/\/gemmagallbat.dgalleryweb.com\/\"},{\"@type\":\"ListItem\",\"position\":2,\"name\":\"Aviso legal\"}]},{\"@type\":\"WebSite\",\"@id\":\"https:\/\/gemmagallbat.dgalleryweb.com\/#website\",\"url\":\"https:\/\/gemmagallbat.dgalleryweb.com\/\",\"name\":\"Gemma Gallart - Psic\u00f2loga a Lleida\",\"description\":\"\",\"publisher\":{\"@id\":\"https:\/\/gemmagallbat.dgalleryweb.com\/#organization\"},\"potentialAction\":[{\"@type\":\"SearchAction\",\"target\":{\"@type\":\"EntryPoint\",\"urlTemplate\":\"https:\/\/gemmagallbat.dgalleryweb.com\/?s={search_term_string}\"},\"query-input\":{\"@type\":\"PropertyValueSpecification\",\"valueRequired\":true,\"valueName\":\"search_term_string\"}}],\"inLanguage\":\"ca\"},{\"@type\":\"Organization\",\"@id\":\"https:\/\/gemmagallbat.dgalleryweb.com\/#organization\",\"name\":\"Gemma Gallart - Psic\u00f2loga a Lleida\",\"url\":\"https:\/\/gemmagallbat.dgalleryweb.com\/\",\"logo\":{\"@type\":\"ImageObject\",\"inLanguage\":\"ca\",\"@id\":\"https:\/\/gemmagallbat.dgalleryweb.com\/#\/schema\/logo\/image\/\",\"url\":\"https:\/\/gemmagallbat.dgalleryweb.com\/wp-content\/uploads\/2025\/11\/Logo-min.png\",\"contentUrl\":\"https:\/\/gemmagallbat.dgalleryweb.com\/wp-content\/uploads\/2025\/11\/Logo-min.png\",\"width\":147,\"height\":43,\"caption\":\"Gemma Gallart - Psic\u00f2loga a Lleida\"},\"image\":{\"@id\":\"https:\/\/gemmagallbat.dgalleryweb.com\/#\/schema\/logo\/image\/\"}}]}<\/script>\n<!-- \/ Yoast SEO Premium plugin. -->","yoast_head_json":{"title":"Aviso legal - Gemma Gallart - Psic\u00f2loga a Lleida","robots":{"index":"index","follow":"follow","max-snippet":"max-snippet:-1","max-image-preview":"max-image-preview:large","max-video-preview":"max-video-preview:-1"},"canonical":"https:\/\/gemmagallbat.dgalleryweb.com\/ca\/aviso-legal\/","og_locale":"ca_ES","og_type":"article","og_title":"Aviso legal","og_description":"Aviso legal En cumplimiento del art\u00edculo 10 de la Ley 34\/2002, de 11 de julio, de Servicios de la Sociedad de la Informaci\u00f3n y Comercio Electr\u00f3nico (LSSICE) a continuaci\u00f3n se detallan los datos identificativos de la entidad: Raz\u00f3n social: GEMMA GALLART BATALLANIF:\u00a0Direcci\u00f3n: Rambla Ferran, 53 &#8211; 3r 1a &#8211; 25007 LleidaTel\u00e9fono: 645 787 305Email: gemmagallbat@yahoo.es [&hellip;]","og_url":"https:\/\/gemmagallbat.dgalleryweb.com\/ca\/aviso-legal\/","og_site_name":"Gemma Gallart - Psic\u00f2loga a Lleida","article_modified_time":"2025-11-28T09:02:41+00:00","twitter_card":"summary_large_image","twitter_misc":{"Temps estimat de lectura":"4 minuts"},"schema":{"@context":"https:\/\/schema.org","@graph":[{"@type":"WebPage","@id":"https:\/\/gemmagallbat.dgalleryweb.com\/aviso-legal\/","url":"https:\/\/gemmagallbat.dgalleryweb.com\/aviso-legal\/","name":"Aviso legal - Gemma Gallart - Psic\u00f2loga a Lleida","isPartOf":{"@id":"https:\/\/gemmagallbat.dgalleryweb.com\/#website"},"datePublished":"2025-11-28T08:56:34+00:00","dateModified":"2025-11-28T09:02:41+00:00","breadcrumb":{"@id":"https:\/\/gemmagallbat.dgalleryweb.com\/aviso-legal\/#breadcrumb"},"inLanguage":"ca","potentialAction":[{"@type":"ReadAction","target":["https:\/\/gemmagallbat.dgalleryweb.com\/aviso-legal\/"]}]},{"@type":"BreadcrumbList","@id":"https:\/\/gemmagallbat.dgalleryweb.com\/aviso-legal\/#breadcrumb","itemListElement":[{"@type":"ListItem","position":1,"name":"Inici","item":"https:\/\/gemmagallbat.dgalleryweb.com\/"},{"@type":"ListItem","position":2,"name":"Aviso legal"}]},{"@type":"WebSite","@id":"https:\/\/gemmagallbat.dgalleryweb.com\/#website","url":"https:\/\/gemmagallbat.dgalleryweb.com\/","name":"Gemma Gallart - Psic\u00f2loga a Lleida","description":"","publisher":{"@id":"https:\/\/gemmagallbat.dgalleryweb.com\/#organization"},"potentialAction":[{"@type":"SearchAction","target":{"@type":"EntryPoint","urlTemplate":"https:\/\/gemmagallbat.dgalleryweb.com\/?s={search_term_string}"},"query-input":{"@type":"PropertyValueSpecification","valueRequired":true,"valueName":"search_term_string"}}],"inLanguage":"ca"},{"@type":"Organization","@id":"https:\/\/gemmagallbat.dgalleryweb.com\/#organization","name":"Gemma Gallart - Psic\u00f2loga a Lleida","url":"https:\/\/gemmagallbat.dgalleryweb.com\/","logo":{"@type":"ImageObject","inLanguage":"ca","@id":"https:\/\/gemmagallbat.dgalleryweb.com\/#\/schema\/logo\/image\/","url":"https:\/\/gemmagallbat.dgalleryweb.com\/wp-content\/uploads\/2025\/11\/Logo-min.png","contentUrl":"https:\/\/gemmagallbat.dgalleryweb.com\/wp-content\/uploads\/2025\/11\/Logo-min.png","width":147,"height":43,"caption":"Gemma Gallart - Psic\u00f2loga a Lleida"},"image":{"@id":"https:\/\/gemmagallbat.dgalleryweb.com\/#\/schema\/logo\/image\/"}}]}},"_links":{"self":[{"href":"https:\/\/gemmagallbat.dgalleryweb.com\/ca\/wp-json\/wp\/v2\/pages\/330","targetHints":{"allow":["GET"]}}],"collection":[{"href":"https:\/\/gemmagallbat.dgalleryweb.com\/ca\/wp-json\/wp\/v2\/pages"}],"about":[{"href":"https:\/\/gemmagallbat.dgalleryweb.com\/ca\/wp-json\/wp\/v2\/types\/page"}],"author":[{"embeddable":true,"href":"https:\/\/gemmagallbat.dgalleryweb.com\/ca\/wp-json\/wp\/v2\/users\/1"}],"replies":[{"embeddable":true,"href":"https:\/\/gemmagallbat.dgalleryweb.com\/ca\/wp-json\/wp\/v2\/comments?post=330"}],"version-history":[{"count":4,"href":"https:\/\/gemmagallbat.dgalleryweb.com\/ca\/wp-json\/wp\/v2\/pages\/330\/revisions"}],"predecessor-version":[{"id":334,"href":"https:\/\/gemmagallbat.dgalleryweb.com\/ca\/wp-json\/wp\/v2\/pages\/330\/revisions\/334"}],"wp:attachment":[{"href":"https:\/\/gemmagallbat.dgalleryweb.com\/ca\/wp-json\/wp\/v2\/media?parent=330"}],"curies":[{"name":"wp","href":"https:\/\/api.w.org\/{rel}","templated":true}]}}