{"id":233,"date":"2025-11-27T16:52:28","date_gmt":"2025-11-27T16:52:28","guid":{"rendered":"https:\/\/gemmagallbat.dgalleryweb.com\/?page_id=233"},"modified":"2026-03-02T19:12:52","modified_gmt":"2026-03-02T18:12:52","slug":"noticias","status":"publish","type":"page","link":"https:\/\/gemmagallbat.dgalleryweb.com\/ca\/noticias\/","title":{"rendered":"Not\u00edcies"},"content":{"rendered":"<div data-elementor-type=\"wp-page\" data-elementor-id=\"233\" class=\"elementor elementor-233\" data-elementor-post-type=\"page\">\n\t\t\t\t<div class=\"elementor-element elementor-element-3582192 e-flex e-con-boxed e-con e-parent\" data-id=\"3582192\" data-element_type=\"container\" data-e-type=\"container\" id=\"arriba\">\n\t\t\t\t\t<div class=\"e-con-inner\">\n\t\t\t\t<div class=\"elementor-element elementor-element-ccaac3f elementor-widget elementor-widget-heading\" data-id=\"ccaac3f\" data-element_type=\"widget\" data-e-type=\"widget\" data-widget_type=\"heading.default\">\n\t\t\t\t\t<h1 class=\"elementor-heading-title elementor-size-default\">Not\u00edcies<\/h1>\t\t\t\t<\/div>\n\t\t\t\t\t<\/div>\n\t\t\t\t<\/div>\n\t\t<div class=\"elementor-element elementor-element-1a6d8ae e-con-full e-flex e-con e-parent\" data-id=\"1a6d8ae\" data-element_type=\"container\" data-e-type=\"container\">\n\t\t<div class=\"elementor-element elementor-element-4726978 e-con-full e-flex e-con e-child\" data-id=\"4726978\" data-element_type=\"container\" data-e-type=\"container\">\n\t\t\t\t<div class=\"elementor-element elementor-element-29d3897 elementor-widget elementor-widget-image\" data-id=\"29d3897\" data-element_type=\"widget\" data-e-type=\"widget\" data-widget_type=\"image.default\">\n\t\t\t\t\t\t\t\t\t\t\t\t\t\t\t<img fetchpriority=\"high\" decoding=\"async\" width=\"800\" height=\"906\" src=\"https:\/\/gemmagallbat.dgalleryweb.com\/wp-content\/uploads\/2025\/11\/ContactPage-Hero.jpg\" class=\"attachment-large size-large wp-image-49\" alt=\"\" srcset=\"https:\/\/gemmagallbat.dgalleryweb.com\/wp-content\/uploads\/2025\/11\/ContactPage-Hero.jpg 857w, https:\/\/gemmagallbat.dgalleryweb.com\/wp-content\/uploads\/2025\/11\/ContactPage-Hero-265x300.jpg 265w, https:\/\/gemmagallbat.dgalleryweb.com\/wp-content\/uploads\/2025\/11\/ContactPage-Hero-768x870.jpg 768w\" sizes=\"(max-width: 800px) 100vw, 800px\" \/>\t\t\t\t\t\t\t\t\t\t\t\t\t\t\t<\/div>\n\t\t\t\t<\/div>\n\t\t<div class=\"elementor-element elementor-element-492ab02 e-con-full e-flex e-con e-child\" data-id=\"492ab02\" data-element_type=\"container\" data-e-type=\"container\" data-settings=\"{&quot;background_background&quot;:&quot;classic&quot;}\">\n\t\t\t\t<div class=\"elementor-element elementor-element-123fd82 elementor-widget elementor-widget-image\" data-id=\"123fd82\" data-element_type=\"widget\" data-e-type=\"widget\" data-widget_type=\"image.default\">\n\t\t\t\t\t\t\t\t\t\t\t\t\t\t\t<img fetchpriority=\"high\" decoding=\"async\" width=\"800\" height=\"906\" src=\"https:\/\/gemmagallbat.dgalleryweb.com\/wp-content\/uploads\/2025\/11\/ContactPage-Hero.jpg\" class=\"attachment-large size-large wp-image-49\" alt=\"\" srcset=\"https:\/\/gemmagallbat.dgalleryweb.com\/wp-content\/uploads\/2025\/11\/ContactPage-Hero.jpg 857w, https:\/\/gemmagallbat.dgalleryweb.com\/wp-content\/uploads\/2025\/11\/ContactPage-Hero-265x300.jpg 265w, https:\/\/gemmagallbat.dgalleryweb.com\/wp-content\/uploads\/2025\/11\/ContactPage-Hero-768x870.jpg 768w\" sizes=\"(max-width: 800px) 100vw, 800px\" \/>\t\t\t\t\t\t\t\t\t\t\t\t\t\t\t<\/div>\n\t\t\t\t<\/div>\n\t\t<div class=\"elementor-element elementor-element-73189cf e-con-full e-flex e-con e-child\" data-id=\"73189cf\" data-element_type=\"container\" data-e-type=\"container\">\n\t\t\t\t<div class=\"elementor-element elementor-element-e920a5d elementor-widget elementor-widget-image\" data-id=\"e920a5d\" data-element_type=\"widget\" data-e-type=\"widget\" data-widget_type=\"image.default\">\n\t\t\t\t\t\t\t\t\t\t\t\t\t\t\t<img fetchpriority=\"high\" decoding=\"async\" width=\"800\" height=\"906\" src=\"https:\/\/gemmagallbat.dgalleryweb.com\/wp-content\/uploads\/2025\/11\/ContactPage-Hero.jpg\" class=\"attachment-large size-large wp-image-49\" alt=\"\" srcset=\"https:\/\/gemmagallbat.dgalleryweb.com\/wp-content\/uploads\/2025\/11\/ContactPage-Hero.jpg 857w, https:\/\/gemmagallbat.dgalleryweb.com\/wp-content\/uploads\/2025\/11\/ContactPage-Hero-265x300.jpg 265w, https:\/\/gemmagallbat.dgalleryweb.com\/wp-content\/uploads\/2025\/11\/ContactPage-Hero-768x870.jpg 768w\" sizes=\"(max-width: 800px) 100vw, 800px\" \/>\t\t\t\t\t\t\t\t\t\t\t\t\t\t\t<\/div>\n\t\t\t\t<\/div>\n\t\t<div class=\"elementor-element elementor-element-216ea83 e-con-full e-flex e-con e-child\" data-id=\"216ea83\" data-element_type=\"container\" data-e-type=\"container\" data-settings=\"{&quot;background_background&quot;:&quot;classic&quot;}\">\n\t\t\t\t<div class=\"elementor-element elementor-element-8a7fcac elementor-widget elementor-widget-image\" data-id=\"8a7fcac\" data-element_type=\"widget\" data-e-type=\"widget\" data-widget_type=\"image.default\">\n\t\t\t\t\t\t\t\t\t\t\t\t\t\t\t<img fetchpriority=\"high\" decoding=\"async\" width=\"800\" height=\"906\" src=\"https:\/\/gemmagallbat.dgalleryweb.com\/wp-content\/uploads\/2025\/11\/ContactPage-Hero.jpg\" class=\"attachment-large size-large wp-image-49\" alt=\"\" srcset=\"https:\/\/gemmagallbat.dgalleryweb.com\/wp-content\/uploads\/2025\/11\/ContactPage-Hero.jpg 857w, https:\/\/gemmagallbat.dgalleryweb.com\/wp-content\/uploads\/2025\/11\/ContactPage-Hero-265x300.jpg 265w, https:\/\/gemmagallbat.dgalleryweb.com\/wp-content\/uploads\/2025\/11\/ContactPage-Hero-768x870.jpg 768w\" sizes=\"(max-width: 800px) 100vw, 800px\" \/>\t\t\t\t\t\t\t\t\t\t\t\t\t\t\t<\/div>\n\t\t\t\t<\/div>\n\t\t\t\t<\/div>\n\t\t<div class=\"elementor-element elementor-element-1dcb4808 e-flex e-con-boxed e-con e-parent\" data-id=\"1dcb4808\" data-element_type=\"container\" data-e-type=\"container\">\n\t\t\t\t\t<div class=\"e-con-inner\">\n\t\t\t\t<div class=\"elementor-element elementor-element-74436d4a elementor-fixed elementor-view-default elementor-widget elementor-widget-icon\" data-id=\"74436d4a\" data-element_type=\"widget\" data-e-type=\"widget\" data-settings=\"{&quot;_position&quot;:&quot;fixed&quot;}\" aria-label=\"\" data-widget_type=\"icon.default\">\n\t\t\t\t\t\t\t<div class=\"elementor-icon-wrapper\">\n\t\t\t<a class=\"elementor-icon elementor-animation-float\" href=\"#arriba\">\n\t\t\t<svg aria-hidden=\"true\" class=\"e-font-icon-svg e-fas-long-arrow-alt-up\" viewbox=\"0 0 256 512\" xmlns=\"http:\/\/www.w3.org\/2000\/svg\"><path d=\"M88 166.059V468c0 6.627 5.373 12 12 12h56c6.627 0 12-5.373 12-12V166.059h46.059c21.382 0 32.09-25.851 16.971-40.971l-86.059-86.059c-9.373-9.373-24.569-9.373-33.941 0l-86.059 86.059c-15.119 15.119-4.411 40.971 16.971 40.971H88z\"><\/path><\/svg>\t\t\t<\/a>\n\t\t<\/div>\n\t\t\t\t\t\t<\/div>\n\t\t\t\t\t<\/div>\n\t\t\t\t<\/div>\n\t\t\t\t<\/div>","protected":false},"excerpt":{"rendered":"","protected":false},"author":1,"featured_media":0,"parent":0,"menu_order":0,"comment_status":"closed","ping_status":"closed","template":"","meta":{"footnotes":""},"class_list":["post-233","page","type-page","status-publish","hentry"],"yoast_head":"<!-- This site is optimized with the Yoast SEO Premium plugin v23.9 (Yoast SEO v27.0) - https:\/\/yoast.com\/product\/yoast-seo-premium-wordpress\/ -->\n<title>Noticias - Gemma Gallart - Psic\u00f2loga a Lleida<\/title>\n<meta name=\"description\" content=\"Actualidad y pr\u00f3ximos eventos de Gemma Gallart, psic\u00f3loga en Lleida. Informaci\u00f3n \u00fatil, actividades y contenido para tu bienestar emocional.\" \/>\n<meta name=\"robots\" content=\"index, follow, max-snippet:-1, max-image-preview:large, max-video-preview:-1\" \/>\n<link rel=\"canonical\" href=\"https:\/\/gemmagallbat.dgalleryweb.com\/ca\/noticias\/\" \/>\n<meta property=\"og:locale\" content=\"ca_ES\" \/>\n<meta property=\"og:type\" content=\"article\" \/>\n<meta property=\"og:title\" content=\"Noticias\" \/>\n<meta property=\"og:description\" content=\"Actualidad y pr\u00f3ximos eventos de Gemma Gallart, psic\u00f3loga en Lleida. Informaci\u00f3n \u00fatil, actividades y contenido para tu bienestar emocional.\" \/>\n<meta property=\"og:url\" content=\"https:\/\/gemmagallbat.dgalleryweb.com\/ca\/noticias\/\" \/>\n<meta property=\"og:site_name\" content=\"Gemma Gallart - Psic\u00f2loga a Lleida\" \/>\n<meta property=\"article:modified_time\" content=\"2026-03-02T18:12:52+00:00\" \/>\n<meta property=\"og:image\" content=\"https:\/\/gemmagallbat.dgalleryweb.com\/wp-content\/uploads\/2025\/11\/ContactPage-Hero.jpg\" \/>\n\t<meta property=\"og:image:width\" content=\"857\" \/>\n\t<meta property=\"og:image:height\" content=\"971\" \/>\n\t<meta property=\"og:image:type\" content=\"image\/jpeg\" \/>\n<meta name=\"twitter:card\" content=\"summary_large_image\" \/>\n<meta name=\"twitter:label1\" content=\"Temps estimat de lectura\" \/>\n\t<meta name=\"twitter:data1\" content=\"1 minut\" \/>\n<script type=\"application\/ld+json\" class=\"yoast-schema-graph\">{\"@context\":\"https:\/\/schema.org\",\"@graph\":[{\"@type\":\"WebPage\",\"@id\":\"https:\/\/gemmagallbat.dgalleryweb.com\/noticias\/\",\"url\":\"https:\/\/gemmagallbat.dgalleryweb.com\/noticias\/\",\"name\":\"Noticias - Gemma Gallart - Psic\u00f2loga a Lleida\",\"isPartOf\":{\"@id\":\"https:\/\/gemmagallbat.dgalleryweb.com\/#website\"},\"primaryImageOfPage\":{\"@id\":\"https:\/\/gemmagallbat.dgalleryweb.com\/noticias\/#primaryimage\"},\"image\":{\"@id\":\"https:\/\/gemmagallbat.dgalleryweb.com\/noticias\/#primaryimage\"},\"thumbnailUrl\":\"https:\/\/gemmagallbat.dgalleryweb.com\/wp-content\/uploads\/2025\/11\/ContactPage-Hero.jpg\",\"datePublished\":\"2025-11-27T16:52:28+00:00\",\"dateModified\":\"2026-03-02T18:12:52+00:00\",\"description\":\"Actualidad y pr\u00f3ximos eventos de Gemma Gallart, psic\u00f3loga en Lleida. Informaci\u00f3n \u00fatil, actividades y contenido para tu bienestar emocional.\",\"breadcrumb\":{\"@id\":\"https:\/\/gemmagallbat.dgalleryweb.com\/noticias\/#breadcrumb\"},\"inLanguage\":\"ca\",\"potentialAction\":[{\"@type\":\"ReadAction\",\"target\":[\"https:\/\/gemmagallbat.dgalleryweb.com\/noticias\/\"]}]},{\"@type\":\"ImageObject\",\"inLanguage\":\"ca\",\"@id\":\"https:\/\/gemmagallbat.dgalleryweb.com\/noticias\/#primaryimage\",\"url\":\"https:\/\/gemmagallbat.dgalleryweb.com\/wp-content\/uploads\/2025\/11\/ContactPage-Hero.jpg\",\"contentUrl\":\"https:\/\/gemmagallbat.dgalleryweb.com\/wp-content\/uploads\/2025\/11\/ContactPage-Hero.jpg\"},{\"@type\":\"BreadcrumbList\",\"@id\":\"https:\/\/gemmagallbat.dgalleryweb.com\/noticias\/#breadcrumb\",\"itemListElement\":[{\"@type\":\"ListItem\",\"position\":1,\"name\":\"Inici\",\"item\":\"https:\/\/gemmagallbat.dgalleryweb.com\/\"},{\"@type\":\"ListItem\",\"position\":2,\"name\":\"Noticias\"}]},{\"@type\":\"WebSite\",\"@id\":\"https:\/\/gemmagallbat.dgalleryweb.com\/#website\",\"url\":\"https:\/\/gemmagallbat.dgalleryweb.com\/\",\"name\":\"Gemma Gallart - Psic\u00f2loga a Lleida\",\"description\":\"\",\"publisher\":{\"@id\":\"https:\/\/gemmagallbat.dgalleryweb.com\/#organization\"},\"potentialAction\":[{\"@type\":\"SearchAction\",\"target\":{\"@type\":\"EntryPoint\",\"urlTemplate\":\"https:\/\/gemmagallbat.dgalleryweb.com\/?s={search_term_string}\"},\"query-input\":{\"@type\":\"PropertyValueSpecification\",\"valueRequired\":true,\"valueName\":\"search_term_string\"}}],\"inLanguage\":\"ca\"},{\"@type\":\"Organization\",\"@id\":\"https:\/\/gemmagallbat.dgalleryweb.com\/#organization\",\"name\":\"Gemma Gallart - Psic\u00f2loga a Lleida\",\"url\":\"https:\/\/gemmagallbat.dgalleryweb.com\/\",\"logo\":{\"@type\":\"ImageObject\",\"inLanguage\":\"ca\",\"@id\":\"https:\/\/gemmagallbat.dgalleryweb.com\/#\/schema\/logo\/image\/\",\"url\":\"https:\/\/gemmagallbat.dgalleryweb.com\/wp-content\/uploads\/2025\/11\/Logo-min.png\",\"contentUrl\":\"https:\/\/gemmagallbat.dgalleryweb.com\/wp-content\/uploads\/2025\/11\/Logo-min.png\",\"width\":147,\"height\":43,\"caption\":\"Gemma Gallart - Psic\u00f2loga a Lleida\"},\"image\":{\"@id\":\"https:\/\/gemmagallbat.dgalleryweb.com\/#\/schema\/logo\/image\/\"}}]}<\/script>\n<!-- \/ Yoast SEO Premium plugin. -->","yoast_head_json":{"title":"Noticias - Gemma Gallart - Psic\u00f2loga a Lleida","description":"Actualidad y pr\u00f3ximos eventos de Gemma Gallart, psic\u00f3loga en Lleida. Informaci\u00f3n \u00fatil, actividades y contenido para tu bienestar emocional.","robots":{"index":"index","follow":"follow","max-snippet":"max-snippet:-1","max-image-preview":"max-image-preview:large","max-video-preview":"max-video-preview:-1"},"canonical":"https:\/\/gemmagallbat.dgalleryweb.com\/ca\/noticias\/","og_locale":"ca_ES","og_type":"article","og_title":"Noticias","og_description":"Actualidad y pr\u00f3ximos eventos de Gemma Gallart, psic\u00f3loga en Lleida. Informaci\u00f3n \u00fatil, actividades y contenido para tu bienestar emocional.","og_url":"https:\/\/gemmagallbat.dgalleryweb.com\/ca\/noticias\/","og_site_name":"Gemma Gallart - Psic\u00f2loga a Lleida","article_modified_time":"2026-03-02T18:12:52+00:00","og_image":[{"width":857,"height":971,"url":"https:\/\/gemmagallbat.dgalleryweb.com\/wp-content\/uploads\/2025\/11\/ContactPage-Hero.jpg","type":"image\/jpeg"}],"twitter_card":"summary_large_image","twitter_misc":{"Temps estimat de lectura":"1 minut"},"schema":{"@context":"https:\/\/schema.org","@graph":[{"@type":"WebPage","@id":"https:\/\/gemmagallbat.dgalleryweb.com\/noticias\/","url":"https:\/\/gemmagallbat.dgalleryweb.com\/noticias\/","name":"Noticias - Gemma Gallart - Psic\u00f2loga a Lleida","isPartOf":{"@id":"https:\/\/gemmagallbat.dgalleryweb.com\/#website"},"primaryImageOfPage":{"@id":"https:\/\/gemmagallbat.dgalleryweb.com\/noticias\/#primaryimage"},"image":{"@id":"https:\/\/gemmagallbat.dgalleryweb.com\/noticias\/#primaryimage"},"thumbnailUrl":"https:\/\/gemmagallbat.dgalleryweb.com\/wp-content\/uploads\/2025\/11\/ContactPage-Hero.jpg","datePublished":"2025-11-27T16:52:28+00:00","dateModified":"2026-03-02T18:12:52+00:00","description":"Actualidad y pr\u00f3ximos eventos de Gemma Gallart, psic\u00f3loga en Lleida. Informaci\u00f3n \u00fatil, actividades y contenido para tu bienestar emocional.","breadcrumb":{"@id":"https:\/\/gemmagallbat.dgalleryweb.com\/noticias\/#breadcrumb"},"inLanguage":"ca","potentialAction":[{"@type":"ReadAction","target":["https:\/\/gemmagallbat.dgalleryweb.com\/noticias\/"]}]},{"@type":"ImageObject","inLanguage":"ca","@id":"https:\/\/gemmagallbat.dgalleryweb.com\/noticias\/#primaryimage","url":"https:\/\/gemmagallbat.dgalleryweb.com\/wp-content\/uploads\/2025\/11\/ContactPage-Hero.jpg","contentUrl":"https:\/\/gemmagallbat.dgalleryweb.com\/wp-content\/uploads\/2025\/11\/ContactPage-Hero.jpg"},{"@type":"BreadcrumbList","@id":"https:\/\/gemmagallbat.dgalleryweb.com\/noticias\/#breadcrumb","itemListElement":[{"@type":"ListItem","position":1,"name":"Inici","item":"https:\/\/gemmagallbat.dgalleryweb.com\/"},{"@type":"ListItem","position":2,"name":"Noticias"}]},{"@type":"WebSite","@id":"https:\/\/gemmagallbat.dgalleryweb.com\/#website","url":"https:\/\/gemmagallbat.dgalleryweb.com\/","name":"Gemma Gallart - Psic\u00f2loga a Lleida","description":"","publisher":{"@id":"https:\/\/gemmagallbat.dgalleryweb.com\/#organization"},"potentialAction":[{"@type":"SearchAction","target":{"@type":"EntryPoint","urlTemplate":"https:\/\/gemmagallbat.dgalleryweb.com\/?s={search_term_string}"},"query-input":{"@type":"PropertyValueSpecification","valueRequired":true,"valueName":"search_term_string"}}],"inLanguage":"ca"},{"@type":"Organization","@id":"https:\/\/gemmagallbat.dgalleryweb.com\/#organization","name":"Gemma Gallart - Psic\u00f2loga a Lleida","url":"https:\/\/gemmagallbat.dgalleryweb.com\/","logo":{"@type":"ImageObject","inLanguage":"ca","@id":"https:\/\/gemmagallbat.dgalleryweb.com\/#\/schema\/logo\/image\/","url":"https:\/\/gemmagallbat.dgalleryweb.com\/wp-content\/uploads\/2025\/11\/Logo-min.png","contentUrl":"https:\/\/gemmagallbat.dgalleryweb.com\/wp-content\/uploads\/2025\/11\/Logo-min.png","width":147,"height":43,"caption":"Gemma Gallart - Psic\u00f2loga a Lleida"},"image":{"@id":"https:\/\/gemmagallbat.dgalleryweb.com\/#\/schema\/logo\/image\/"}}]}},"_links":{"self":[{"href":"https:\/\/gemmagallbat.dgalleryweb.com\/ca\/wp-json\/wp\/v2\/pages\/233","targetHints":{"allow":["GET"]}}],"collection":[{"href":"https:\/\/gemmagallbat.dgalleryweb.com\/ca\/wp-json\/wp\/v2\/pages"}],"about":[{"href":"https:\/\/gemmagallbat.dgalleryweb.com\/ca\/wp-json\/wp\/v2\/types\/page"}],"author":[{"embeddable":true,"href":"https:\/\/gemmagallbat.dgalleryweb.com\/ca\/wp-json\/wp\/v2\/users\/1"}],"replies":[{"embeddable":true,"href":"https:\/\/gemmagallbat.dgalleryweb.com\/ca\/wp-json\/wp\/v2\/comments?post=233"}],"version-history":[{"count":39,"href":"https:\/\/gemmagallbat.dgalleryweb.com\/ca\/wp-json\/wp\/v2\/pages\/233\/revisions"}],"predecessor-version":[{"id":782,"href":"https:\/\/gemmagallbat.dgalleryweb.com\/ca\/wp-json\/wp\/v2\/pages\/233\/revisions\/782"}],"wp:attachment":[{"href":"https:\/\/gemmagallbat.dgalleryweb.com\/ca\/wp-json\/wp\/v2\/media?parent=233"}],"curies":[{"name":"wp","href":"https:\/\/api.w.org\/{rel}","templated":true}]}}